{"id":107,"date":"2018-10-17T22:20:37","date_gmt":"2018-10-17T20:20:37","guid":{"rendered":"http:\/\/www.weindepotmondsee.at\/?page_id=107"},"modified":"2023-04-19T11:22:26","modified_gmt":"2023-04-19T09:22:26","slug":"news","status":"publish","type":"page","link":"http:\/\/www.weindepotmondsee.at\/?page_id=107","title":{"rendered":"weindepotmondsee"},"content":{"rendered":"<p><img loading=\"lazy\" decoding=\"async\" class=\"alignnone size-medium wp-image-703\" src=\"http:\/\/www.weindepotmondsee.at\/wp-content\/uploads\/2018\/09\/Cuvee-Altenberg-300x146.jpg\" alt=\"\" width=\"300\" height=\"146\" srcset=\"http:\/\/www.weindepotmondsee.at\/wp-content\/uploads\/2018\/09\/Cuvee-Altenberg-300x146.jpg 300w, http:\/\/www.weindepotmondsee.at\/wp-content\/uploads\/2018\/09\/Cuvee-Altenberg-768x373.jpg 768w, http:\/\/www.weindepotmondsee.at\/wp-content\/uploads\/2018\/09\/Cuvee-Altenberg-1024x498.jpg 1024w\" sizes=\"auto, (max-width: 300px) 100vw, 300px\" \/><\/p>\n<p>Zu den bereits bei uns angebotenen Weinen<br \/>\nder N\u00d6 Landesweing\u00fcter Retz, Hollabrunn und Mistelbach, Weinbau Pletzer, sowie der Winzerin Maria Faber-K\u00f6chl, Weingut Gschweicher,\u00a0 Weingut D\u00f6llinger aus Auersthal, Weingut Pr\u00f6glh\u00f6f aus Obernalb bei Retz,\u00a0 sind seit November 2015 neu dazu gekommen:<br \/>\nWeinhof Parzer aus Oberfucha, Weinbaugebiet Kremstal. Neu seit Mai Weingut Mandl Brunner aus Rechnitz im Burgenland! Unter anderem haben wir auch die sensationellen NEKTARE, wie Marille, Weingartenpfirsich und Williamsbirne, sowie die fruchtigen wei\u00dfen und roten Traubens\u00e4fte vom Weingut D\u00f6llinger zum Verkosten. Weiters bieten wir Ros\u00e8 Traubensaft vom Weingut Pr\u00f6gelh\u00f6f,<\/p>\n<p>F\u00fcr die Bioweinliebhaber gibt es ab sofort Bio Weine<br \/>\naus dem Bio Weingut Maria Faber K\u00f6chl, Weingut Pr\u00f6glh\u00f6f,<\/p>\n<p>Neu im Sortiment sind Apfelessig (Weirouge) und Verjus \u20ac 7,00.- (bedeutet gr\u00fcner Saft und wurde bereits im Mittelalter als Heilmittel verwendet).<\/p>\n<p>weindepotmondsee<br \/>\nAnna Angelmayr<br \/>\nLoibichl 64\/5<br \/>\n5311 Innerschwand am Mondsee<br \/>\n+43 676 9335692<br \/>\n<a href=\"http:\/\/office@weindepotmondsee.at\">office@weindepotmondsee.at<\/a><br \/>\n<a href=\"http:\/\/www.weindepotmondsee.at\">www.weindepotmondsee.at<\/a><\/p>\n","protected":false},"excerpt":{"rendered":"<p>Zu den bereits bei uns angebotenen Weinen der N\u00d6 Landesweing\u00fcter Retz, Hollabrunn und Mistelbach, Weinbau Pletzer, sowie der Winzerin Maria Faber-K\u00f6chl, Weingut Gschweicher,\u00a0 Weingut D\u00f6llinger aus Auersthal, Weingut Pr\u00f6glh\u00f6f aus Obernalb bei Retz,\u00a0 sind seit November 2015 neu dazu gekommen: Weinhof Parzer aus Oberfucha, Weinbaugebiet Kremstal. Neu seit Mai Weingut Mandl Brunner aus Rechnitz im &hellip; <a href=\"http:\/\/www.weindepotmondsee.at\/?page_id=107\" class=\"more-link\"><span class=\"screen-reader-text\">weindepotmondsee<\/span> weiterlesen <span class=\"meta-nav\">&rarr;<\/span><\/a><\/p>\n","protected":false},"author":2,"featured_media":0,"parent":0,"menu_order":0,"comment_status":"open","ping_status":"open","template":"","meta":{"footnotes":""},"class_list":["post-107","page","type-page","status-publish","hentry"],"_links":{"self":[{"href":"http:\/\/www.weindepotmondsee.at\/index.php?rest_route=\/wp\/v2\/pages\/107","targetHints":{"allow":["GET"]}}],"collection":[{"href":"http:\/\/www.weindepotmondsee.at\/index.php?rest_route=\/wp\/v2\/pages"}],"about":[{"href":"http:\/\/www.weindepotmondsee.at\/index.php?rest_route=\/wp\/v2\/types\/page"}],"author":[{"embeddable":true,"href":"http:\/\/www.weindepotmondsee.at\/index.php?rest_route=\/wp\/v2\/users\/2"}],"replies":[{"embeddable":true,"href":"http:\/\/www.weindepotmondsee.at\/index.php?rest_route=%2Fwp%2Fv2%2Fcomments&post=107"}],"version-history":[{"count":51,"href":"http:\/\/www.weindepotmondsee.at\/index.php?rest_route=\/wp\/v2\/pages\/107\/revisions"}],"predecessor-version":[{"id":1189,"href":"http:\/\/www.weindepotmondsee.at\/index.php?rest_route=\/wp\/v2\/pages\/107\/revisions\/1189"}],"wp:attachment":[{"href":"http:\/\/www.weindepotmondsee.at\/index.php?rest_route=%2Fwp%2Fv2%2Fmedia&parent=107"}],"curies":[{"name":"wp","href":"https:\/\/api.w.org\/{rel}","templated":true}]}}