{"id":12,"date":"2015-04-03T09:49:46","date_gmt":"2015-04-03T07:49:46","guid":{"rendered":"http:\/\/www.weindepotmondsee.at\/?page_id=12"},"modified":"2026-01-30T09:59:55","modified_gmt":"2026-01-30T08:59:55","slug":"winzer-2","status":"publish","type":"page","link":"http:\/\/www.weindepotmondsee.at\/?page_id=12","title":{"rendered":"Winzer\/ Weinpreisliste 2026"},"content":{"rendered":"<p><a href=\"http:\/\/www.weindepotmondsee.at\/wp-content\/uploads\/2026\/01\/Weinpreisliste-aktuell-2026.pdf\">Weinpreisliste aktuell 2026<\/a><\/p>\n<p>Landwirtschaftliche Fachschule Retz<br \/>\nLandwirtschaftliche Fachschule Krems<br \/>\nLandwirtschaftliche Fachschule Mistelbach<br \/>\nLandwirtschaftliche Fachschule Hollabrunn<\/p>\n<p><a href=\"http:\/\/www.weindepotmondsee.at\/wp-content\/uploads\/2015\/04\/Landesweing\u00fcter.jpg\"><img loading=\"lazy\" decoding=\"async\" class=\"alignnone size-full wp-image-126\" src=\"http:\/\/www.weindepotmondsee.at\/wp-content\/uploads\/2015\/04\/Landesweing\u00fcter.jpg\" alt=\"Landesweing\u00fcter\" width=\"240\" height=\"68\" \/><\/a><\/p>\n<p>Weingut Gschweicher R\u00f6schitz<\/p>\n<p><a href=\"http:\/\/www.weindepotmondsee.at\/wp-content\/uploads\/2015\/04\/Gschweicher.jpg\"><img loading=\"lazy\" decoding=\"async\" class=\"alignnone size-full wp-image-124\" src=\"http:\/\/www.weindepotmondsee.at\/wp-content\/uploads\/2015\/04\/Gschweicher.jpg\" alt=\"Gschweicher\" width=\"275\" height=\"183\" \/><\/a><\/p>\n<p>Die Winzerin Maria-Faber K\u00f6chl Eibesthal bei Mistelbach<\/p>\n<p><a href=\"http:\/\/www.weindepotmondsee.at\/wp-content\/uploads\/2015\/04\/Faber-K\u00f6chl-1.jpg\"><img loading=\"lazy\" decoding=\"async\" class=\"alignnone size-full wp-image-123\" src=\"http:\/\/www.weindepotmondsee.at\/wp-content\/uploads\/2015\/04\/Faber-K\u00f6chl-1.jpg\" alt=\"Faber K\u00f6chl 1\" width=\"152\" height=\"73\" srcset=\"http:\/\/www.weindepotmondsee.at\/wp-content\/uploads\/2015\/04\/Faber-K\u00f6chl-1.jpg 152w, http:\/\/www.weindepotmondsee.at\/wp-content\/uploads\/2015\/04\/Faber-K\u00f6chl-1-150x73.jpg 150w\" sizes=\"auto, (max-width: 152px) 100vw, 152px\" \/><\/a><\/p>\n<p>Weingut D\u00f6llinger Auersthal<\/p>\n<p><a href=\"http:\/\/www.weindepotmondsee.at\/wp-content\/uploads\/2015\/04\/D\u00f6llinger.jpg\"><img loading=\"lazy\" decoding=\"async\" class=\"alignnone size-full wp-image-122\" src=\"http:\/\/www.weindepotmondsee.at\/wp-content\/uploads\/2015\/04\/D\u00f6llinger.jpg\" alt=\"D\u00f6llinger\" width=\"131\" height=\"48\" \/><\/a><\/p>\n<p><a href=\"http:\/\/www.weindepotmondsee.at\/wp-content\/uploads\/2015\/04\/Nektare.jpg\"><img loading=\"lazy\" decoding=\"async\" class=\"alignnone size-full wp-image-135\" src=\"http:\/\/www.weindepotmondsee.at\/wp-content\/uploads\/2015\/04\/Nektare.jpg\" alt=\"Nektare\" width=\"210\" height=\"157\" \/><\/a><\/p>\n<p>Weingut Pr\u00f6glh\u00f6f Obernalb bei Retz<\/p>\n<p><a href=\"http:\/\/www.weindepotmondsee.at\/wp-content\/uploads\/2015\/04\/Pr\u00f6glh\u00f6f.jpg\"><img loading=\"lazy\" decoding=\"async\" class=\"alignnone size-full wp-image-121\" src=\"http:\/\/www.weindepotmondsee.at\/wp-content\/uploads\/2015\/04\/Pr\u00f6glh\u00f6f.jpg\" alt=\"Pr\u00f6glh\u00f6f\" width=\"131\" height=\"120\" \/><\/a><\/p>\n<p>Weinhof Parzer<\/p>\n<p><img loading=\"lazy\" decoding=\"async\" class=\"alignnone size-medium wp-image-819\" src=\"http:\/\/www.weindepotmondsee.at\/wp-content\/uploads\/2019\/04\/panorama-goettweig-300x69.jpg\" alt=\"\" width=\"300\" height=\"69\" srcset=\"http:\/\/www.weindepotmondsee.at\/wp-content\/uploads\/2019\/04\/panorama-goettweig-300x69.jpg 300w, http:\/\/www.weindepotmondsee.at\/wp-content\/uploads\/2019\/04\/panorama-goettweig.jpg 670w\" sizes=\"auto, (max-width: 300px) 100vw, 300px\" \/><\/p>\n<p><a href=\"http:\/\/www.weindepotmondsee.at\/wp-content\/uploads\/2015\/04\/logo-christian-parzer.png\"><img loading=\"lazy\" decoding=\"async\" class=\"alignnone size-medium wp-image-453\" src=\"http:\/\/www.weindepotmondsee.at\/wp-content\/uploads\/2015\/04\/logo-christian-parzer-300x98.png\" alt=\"logo-christian-parzer\" width=\"300\" height=\"98\" \/><\/a><\/p>\n<p>Weingut Pletzer Haugsdorf<\/p>\n<p><img loading=\"lazy\" decoding=\"async\" class=\"alignnone size-medium wp-image-817\" src=\"http:\/\/www.weindepotmondsee.at\/wp-content\/uploads\/2019\/04\/dsc7858_weingut_pletzer_c_anna_zora_fuer_markta-200x300.jpg\" alt=\"\" width=\"200\" height=\"300\" srcset=\"http:\/\/www.weindepotmondsee.at\/wp-content\/uploads\/2019\/04\/dsc7858_weingut_pletzer_c_anna_zora_fuer_markta-200x300.jpg 200w, http:\/\/www.weindepotmondsee.at\/wp-content\/uploads\/2019\/04\/dsc7858_weingut_pletzer_c_anna_zora_fuer_markta.jpg 640w\" sizes=\"auto, (max-width: 200px) 100vw, 200px\" \/><\/p>\n<p>WEINGUT ARKADENHOF MANDL-BRUNNER aus dem BURGENLAND<\/p>\n<p><img loading=\"lazy\" decoding=\"async\" class=\"alignnone size-medium wp-image-988\" src=\"http:\/\/www.weindepotmondsee.at\/wp-content\/uploads\/2021\/01\/Arkadenhof-Mandl-Brunner-300x94.jpg\" alt=\"\" width=\"300\" height=\"94\" srcset=\"http:\/\/www.weindepotmondsee.at\/wp-content\/uploads\/2021\/01\/Arkadenhof-Mandl-Brunner-300x94.jpg 300w, http:\/\/www.weindepotmondsee.at\/wp-content\/uploads\/2021\/01\/Arkadenhof-Mandl-Brunner-768x240.jpg 768w, http:\/\/www.weindepotmondsee.at\/wp-content\/uploads\/2021\/01\/Arkadenhof-Mandl-Brunner.jpg 990w\" sizes=\"auto, (max-width: 300px) 100vw, 300px\" \/><\/p>\n<p><img loading=\"lazy\" decoding=\"async\" class=\"alignnone size-medium wp-image-989\" src=\"http:\/\/www.weindepotmondsee.at\/wp-content\/uploads\/2021\/01\/Mandl-Brunner.jpg\" alt=\"\" width=\"274\" height=\"206\" \/><\/p>\n","protected":false},"excerpt":{"rendered":"<p>Weinpreisliste aktuell 2026 Landwirtschaftliche Fachschule Retz Landwirtschaftliche Fachschule Krems Landwirtschaftliche Fachschule Mistelbach Landwirtschaftliche Fachschule Hollabrunn Weingut Gschweicher R\u00f6schitz Die Winzerin Maria-Faber K\u00f6chl Eibesthal bei Mistelbach Weingut D\u00f6llinger Auersthal Weingut Pr\u00f6glh\u00f6f Obernalb bei Retz Weinhof Parzer Weingut Pletzer Haugsdorf WEINGUT ARKADENHOF MANDL-BRUNNER aus dem BURGENLAND<\/p>\n","protected":false},"author":2,"featured_media":0,"parent":0,"menu_order":0,"comment_status":"open","ping_status":"open","template":"","meta":{"footnotes":""},"class_list":["post-12","page","type-page","status-publish","hentry"],"_links":{"self":[{"href":"http:\/\/www.weindepotmondsee.at\/index.php?rest_route=\/wp\/v2\/pages\/12","targetHints":{"allow":["GET"]}}],"collection":[{"href":"http:\/\/www.weindepotmondsee.at\/index.php?rest_route=\/wp\/v2\/pages"}],"about":[{"href":"http:\/\/www.weindepotmondsee.at\/index.php?rest_route=\/wp\/v2\/types\/page"}],"author":[{"embeddable":true,"href":"http:\/\/www.weindepotmondsee.at\/index.php?rest_route=\/wp\/v2\/users\/2"}],"replies":[{"embeddable":true,"href":"http:\/\/www.weindepotmondsee.at\/index.php?rest_route=%2Fwp%2Fv2%2Fcomments&post=12"}],"version-history":[{"count":92,"href":"http:\/\/www.weindepotmondsee.at\/index.php?rest_route=\/wp\/v2\/pages\/12\/revisions"}],"predecessor-version":[{"id":1375,"href":"http:\/\/www.weindepotmondsee.at\/index.php?rest_route=\/wp\/v2\/pages\/12\/revisions\/1375"}],"wp:attachment":[{"href":"http:\/\/www.weindepotmondsee.at\/index.php?rest_route=%2Fwp%2Fv2%2Fmedia&parent=12"}],"curies":[{"name":"wp","href":"https:\/\/api.w.org\/{rel}","templated":true}]}}