{"id":14,"date":"2020-02-03T09:49:00","date_gmt":"2020-02-03T08:49:00","guid":{"rendered":"http:\/\/www.weindepotmondsee.at\/?page_id=14"},"modified":"2023-11-25T13:07:06","modified_gmt":"2023-11-25T12:07:06","slug":"weine-2","status":"publish","type":"page","link":"http:\/\/www.weindepotmondsee.at\/?page_id=14","title":{"rendered":"NEU in unserem Programm: Weindepotmondsee bietet Weinbegleitung f\u00fcr Firmenveranstaltungen und Firmenevents an!"},"content":{"rendered":"\n<p><\/p>\n\n\n\n<p><\/p>\n\n\n\n<p><\/p>\n\n\n\n<p><\/p>\n\n\n<p>Maria Faber K\u00f6chl<\/p>\n<p><img loading=\"lazy\" decoding=\"async\" class=\"alignnone size-medium wp-image-731\" src=\"http:\/\/www.weindepotmondsee.at\/wp-content\/uploads\/2018\/09\/Summerwine-174x300.jpg\" alt=\"\" width=\"174\" height=\"300\" srcset=\"http:\/\/www.weindepotmondsee.at\/wp-content\/uploads\/2018\/09\/Summerwine-174x300.jpg 174w, http:\/\/www.weindepotmondsee.at\/wp-content\/uploads\/2018\/09\/Summerwine-768x1327.jpg 768w, http:\/\/www.weindepotmondsee.at\/wp-content\/uploads\/2018\/09\/Summerwine-593x1024.jpg 593w, http:\/\/www.weindepotmondsee.at\/wp-content\/uploads\/2018\/09\/Summerwine.jpg 924w\" sizes=\"auto, (max-width: 174px) 100vw, 174px\" \/><img loading=\"lazy\" decoding=\"async\" class=\"alignnone size-medium wp-image-734\" src=\"http:\/\/www.weindepotmondsee.at\/wp-content\/uploads\/2018\/09\/Rosecco-194x300.jpg\" alt=\"\" width=\"194\" height=\"300\" srcset=\"http:\/\/www.weindepotmondsee.at\/wp-content\/uploads\/2018\/09\/Rosecco-194x300.jpg 194w, http:\/\/www.weindepotmondsee.at\/wp-content\/uploads\/2018\/09\/Rosecco-768x1186.jpg 768w, http:\/\/www.weindepotmondsee.at\/wp-content\/uploads\/2018\/09\/Rosecco-663x1024.jpg 663w, http:\/\/www.weindepotmondsee.at\/wp-content\/uploads\/2018\/09\/Rosecco.jpg 1030w\" sizes=\"auto, (max-width: 194px) 100vw, 194px\" \/><img loading=\"lazy\" decoding=\"async\" class=\"alignnone size-medium wp-image-735\" src=\"http:\/\/www.weindepotmondsee.at\/wp-content\/uploads\/2018\/09\/Rose-180x300.jpg\" alt=\"\" width=\"180\" height=\"300\" srcset=\"http:\/\/www.weindepotmondsee.at\/wp-content\/uploads\/2018\/09\/Rose-180x300.jpg 180w, http:\/\/www.weindepotmondsee.at\/wp-content\/uploads\/2018\/09\/Rose-768x1280.jpg 768w, http:\/\/www.weindepotmondsee.at\/wp-content\/uploads\/2018\/09\/Rose-614x1024.jpg 614w, http:\/\/www.weindepotmondsee.at\/wp-content\/uploads\/2018\/09\/Rose.jpg 955w\" sizes=\"auto, (max-width: 180px) 100vw, 180px\" \/><img loading=\"lazy\" decoding=\"async\" class=\"alignnone size-medium wp-image-742\" src=\"http:\/\/www.weindepotmondsee.at\/wp-content\/uploads\/2018\/09\/DAC-Klassik-169x300.jpg\" alt=\"\" width=\"169\" height=\"300\" srcset=\"http:\/\/www.weindepotmondsee.at\/wp-content\/uploads\/2018\/09\/DAC-Klassik-169x300.jpg 169w, http:\/\/www.weindepotmondsee.at\/wp-content\/uploads\/2018\/09\/DAC-Klassik-768x1365.jpg 768w, http:\/\/www.weindepotmondsee.at\/wp-content\/uploads\/2018\/09\/DAC-Klassik-576x1024.jpg 576w, http:\/\/www.weindepotmondsee.at\/wp-content\/uploads\/2018\/09\/DAC-Klassik.jpg 950w\" sizes=\"auto, (max-width: 169px) 100vw, 169px\" \/><a class=\"alignnone size-medium wp-image-733\"><br \/><img loading=\"lazy\" decoding=\"async\" class=\"alignnone size-medium wp-image-740\" src=\"http:\/\/www.weindepotmondsee.at\/wp-content\/uploads\/2018\/09\/K\u00f6chl-Verzeichnis-507-168x300.jpg\" alt=\"\" width=\"168\" height=\"300\" srcset=\"http:\/\/www.weindepotmondsee.at\/wp-content\/uploads\/2018\/09\/K\u00f6chl-Verzeichnis-507-168x300.jpg 168w, http:\/\/www.weindepotmondsee.at\/wp-content\/uploads\/2018\/09\/K\u00f6chl-Verzeichnis-507-768x1369.jpg 768w, http:\/\/www.weindepotmondsee.at\/wp-content\/uploads\/2018\/09\/K\u00f6chl-Verzeichnis-507-574x1024.jpg 574w, http:\/\/www.weindepotmondsee.at\/wp-content\/uploads\/2018\/09\/K\u00f6chl-Verzeichnis-507.jpg 967w\" sizes=\"auto, (max-width: 168px) 100vw, 168px\" \/><img loading=\"lazy\" decoding=\"async\" class=\"alignnone size-medium wp-image-739\" src=\"http:\/\/www.weindepotmondsee.at\/wp-content\/uploads\/2018\/09\/K\u00f6chl-Verzeichnis-508-166x300.jpg\" alt=\"\" width=\"166\" height=\"300\" srcset=\"http:\/\/www.weindepotmondsee.at\/wp-content\/uploads\/2018\/09\/K\u00f6chl-Verzeichnis-508-166x300.jpg 166w, http:\/\/www.weindepotmondsee.at\/wp-content\/uploads\/2018\/09\/K\u00f6chl-Verzeichnis-508-768x1387.jpg 768w, http:\/\/www.weindepotmondsee.at\/wp-content\/uploads\/2018\/09\/K\u00f6chl-Verzeichnis-508-567x1024.jpg 567w, http:\/\/www.weindepotmondsee.at\/wp-content\/uploads\/2018\/09\/K\u00f6chl-Verzeichnis-508.jpg 961w\" sizes=\"auto, (max-width: 166px) 100vw, 166px\" \/><img loading=\"lazy\" decoding=\"async\" class=\"alignnone size-medium wp-image-738\" src=\"http:\/\/www.weindepotmondsee.at\/wp-content\/uploads\/2018\/09\/Pinot-Blanc-168x300.jpg\" alt=\"\" width=\"168\" height=\"300\" srcset=\"http:\/\/www.weindepotmondsee.at\/wp-content\/uploads\/2018\/09\/Pinot-Blanc-168x300.jpg 168w, http:\/\/www.weindepotmondsee.at\/wp-content\/uploads\/2018\/09\/Pinot-Blanc-768x1371.jpg 768w, http:\/\/www.weindepotmondsee.at\/wp-content\/uploads\/2018\/09\/Pinot-Blanc-574x1024.jpg 574w, http:\/\/www.weindepotmondsee.at\/wp-content\/uploads\/2018\/09\/Pinot-Blanc.jpg 926w\" sizes=\"auto, (max-width: 168px) 100vw, 168px\" \/><img loading=\"lazy\" decoding=\"async\" class=\"alignnone size-medium wp-image-737\" src=\"http:\/\/www.weindepotmondsee.at\/wp-content\/uploads\/2018\/09\/Quercus-183x300.jpg\" alt=\"\" width=\"183\" height=\"300\" srcset=\"http:\/\/www.weindepotmondsee.at\/wp-content\/uploads\/2018\/09\/Quercus-183x300.jpg 183w, http:\/\/www.weindepotmondsee.at\/wp-content\/uploads\/2018\/09\/Quercus-768x1259.jpg 768w, http:\/\/www.weindepotmondsee.at\/wp-content\/uploads\/2018\/09\/Quercus-625x1024.jpg 625w, http:\/\/www.weindepotmondsee.at\/wp-content\/uploads\/2018\/09\/Quercus.jpg 926w\" sizes=\"auto, (max-width: 183px) 100vw, 183px\" \/><img loading=\"lazy\" decoding=\"async\" class=\"alignnone size-medium wp-image-736\" src=\"http:\/\/www.weindepotmondsee.at\/wp-content\/uploads\/2018\/09\/Riesling-169x300.jpg\" alt=\"\" width=\"169\" height=\"300\" srcset=\"http:\/\/www.weindepotmondsee.at\/wp-content\/uploads\/2018\/09\/Riesling-169x300.jpg 169w, http:\/\/www.weindepotmondsee.at\/wp-content\/uploads\/2018\/09\/Riesling-768x1366.jpg 768w, http:\/\/www.weindepotmondsee.at\/wp-content\/uploads\/2018\/09\/Riesling-576x1024.jpg 576w, http:\/\/www.weindepotmondsee.at\/wp-content\/uploads\/2018\/09\/Riesling.jpg 938w\" sizes=\"auto, (max-width: 169px) 100vw, 169px\" \/><img loading=\"lazy\" decoding=\"async\" class=\"alignnone size-medium wp-image-733\" src=\"http:\/\/www.weindepotmondsee.at\/wp-content\/uploads\/2018\/09\/Roter-Traminer-169x300.jpg\" alt=\"\" width=\"169\" height=\"300\" srcset=\"http:\/\/www.weindepotmondsee.at\/wp-content\/uploads\/2018\/09\/Roter-Traminer-169x300.jpg 169w, http:\/\/www.weindepotmondsee.at\/wp-content\/uploads\/2018\/09\/Roter-Traminer-768x1365.jpg 768w, http:\/\/www.weindepotmondsee.at\/wp-content\/uploads\/2018\/09\/Roter-Traminer-576x1024.jpg 576w, http:\/\/www.weindepotmondsee.at\/wp-content\/uploads\/2018\/09\/Roter-Traminer.jpg 889w\" sizes=\"auto, (max-width: 169px) 100vw, 169px\" \/><\/a><\/p>\n<p><a class=\"alignnone size-medium wp-image-733\">Weingut GSCHWEICHER<\/a><\/p>\n<p><a class=\"alignnone size-medium wp-image-733\">\u00a0<\/a><\/p>\n<p><a href=\"http:\/\/www.weindepotmondsee.at\/wp-content\/uploads\/Urkristall.pdf\">Urkristall<\/a><br \/>Gr\u00fcner Veltliner Urkristall<br \/>Gr\u00fcner Apfel, Grapefruit, Zitrus, lebendig,trinkfreudig<br \/><a href=\"http:\/\/www.weindepotmondsee.at\/wp-content\/uploads\/2015\/04\/Groo-Vee.pdf\">Groo Vee<\/a><br \/>GV DAC Groo Vee<br \/>helles Gr\u00fcngelb, in der Nase frische gelbe<br \/>Frucht, Apfel, Grapefruit, sehr einladend,<br \/>feiner Bl\u00fctentouch, feines Pfefferl. Am<br \/>Gaumen elegant und saftig, mineralische<br \/>Nuancen, feine Zitrusfrucht, ausgewogen,<br \/>trinkanimierend und feinw\u00fcrziges Finish<br \/><a href=\"http:\/\/www.weindepotmondsee.at\/wp-content\/uploads\/2015\/04\/GV-K\u00f6nigsberg.pdf\">GV K\u00f6nigsberg<\/a><br \/>Gr\u00fcner Veltliner K\u00f6nigsberg<br \/>tropischer Fruchtkorb, ein Hauch von<br \/>Rosenholz, abgerundete cremig-f\u00fcllige<br \/>Geschmeidigkeit, feine Mineralik, tolle<br \/>L\u00e4nge, trinkfreudig<br \/><a href=\"http:\/\/www.weindepotmondsee.at\/wp-content\/uploads\/2015\/04\/GV-Galgenberg.pdf\">GV Galgenberg<\/a><br \/>Gr\u00fcner Veltliner Galgenberg<br \/>Einladende Exotik, cremige Dichte, in Extrakt und W\u00fcrze eingebettete S\u00e4ure, langer fruchtbetonter Abgang.<br \/><a href=\"http:\/\/www.weindepotmondsee.at\/wp-content\/uploads\/2015\/04\/Grauer-Burgunder-Gebirg.pdf\">Grauer Burgunder Gebirg<\/a><br \/>Grauer Burgunder Gebirg<br \/>Reife Fr\u00fcchte, Orangen, Feigen, N\u00fcsse.<br \/>Geschmeidige Kraft und Substanz,<br \/>feinstrukturiert, eingebundene feine S\u00e4ure,<br \/>elegante L\u00e4nge.<br \/><a href=\"http:\/\/www.weindepotmondsee.at\/wp-content\/uploads\/Primary-Rocks-2017.pdf\">Primary Rocks 2017<\/a><br \/>GV Primary Rocks<br \/>Vielschichtiger Powerveltliner von \u00fcber 80-j\u00e4hrigen Rebst\u00f6cken auf kargem Urgesteinsboden.<br \/>Anregender Duft, zartrauchig unterlegte<br \/>Frucht, feine Kr\u00e4uter. In Extrakt<br \/>eingebetteter S\u00e4urezug, kompakt und<br \/>straff, abgerundet mit Schmelz, langer Bogen, guter Zug bis ins Finish<br \/><br \/><\/p>\n\n\n<p><\/p>\n","protected":false},"excerpt":{"rendered":"<p>Maria Faber K\u00f6chl Weingut GSCHWEICHER \u00a0 UrkristallGr\u00fcner Veltliner UrkristallGr\u00fcner Apfel, Grapefruit, Zitrus, lebendig,trinkfreudigGroo VeeGV DAC Groo Veehelles Gr\u00fcngelb, in der Nase frische gelbeFrucht, Apfel, Grapefruit, sehr einladend,feiner Bl\u00fctentouch, feines Pfefferl. AmGaumen elegant und saftig, mineralischeNuancen, feine Zitrusfrucht, ausgewogen,trinkanimierend und feinw\u00fcrziges FinishGV K\u00f6nigsbergGr\u00fcner Veltliner K\u00f6nigsbergtropischer Fruchtkorb, ein Hauch vonRosenholz, abgerundete cremig-f\u00fclligeGeschmeidigkeit, feine Mineralik, tolleL\u00e4nge, trinkfreudigGV GalgenbergGr\u00fcner &hellip; <a href=\"http:\/\/www.weindepotmondsee.at\/?page_id=14\" class=\"more-link\"><span class=\"screen-reader-text\">NEU in unserem Programm: Weindepotmondsee bietet Weinbegleitung f\u00fcr Firmenveranstaltungen und Firmenevents an!<\/span> weiterlesen <span class=\"meta-nav\">&rarr;<\/span><\/a><\/p>\n","protected":false},"author":2,"featured_media":0,"parent":0,"menu_order":0,"comment_status":"open","ping_status":"open","template":"","meta":{"footnotes":""},"class_list":["post-14","page","type-page","status-publish","hentry"],"_links":{"self":[{"href":"http:\/\/www.weindepotmondsee.at\/index.php?rest_route=\/wp\/v2\/pages\/14","targetHints":{"allow":["GET"]}}],"collection":[{"href":"http:\/\/www.weindepotmondsee.at\/index.php?rest_route=\/wp\/v2\/pages"}],"about":[{"href":"http:\/\/www.weindepotmondsee.at\/index.php?rest_route=\/wp\/v2\/types\/page"}],"author":[{"embeddable":true,"href":"http:\/\/www.weindepotmondsee.at\/index.php?rest_route=\/wp\/v2\/users\/2"}],"replies":[{"embeddable":true,"href":"http:\/\/www.weindepotmondsee.at\/index.php?rest_route=%2Fwp%2Fv2%2Fcomments&post=14"}],"version-history":[{"count":111,"href":"http:\/\/www.weindepotmondsee.at\/index.php?rest_route=\/wp\/v2\/pages\/14\/revisions"}],"predecessor-version":[{"id":1241,"href":"http:\/\/www.weindepotmondsee.at\/index.php?rest_route=\/wp\/v2\/pages\/14\/revisions\/1241"}],"wp:attachment":[{"href":"http:\/\/www.weindepotmondsee.at\/index.php?rest_route=%2Fwp%2Fv2%2Fmedia&parent=14"}],"curies":[{"name":"wp","href":"https:\/\/api.w.org\/{rel}","templated":true}]}}